{"id":23,"date":"2018-11-18T13:53:56","date_gmt":"2018-11-18T04:53:56","guid":{"rendered":"https:\/\/kyo-ya.net\/fr\/wp\/technique\/"},"modified":"2019-07-05T14:33:39","modified_gmt":"2019-07-05T05:33:39","slug":"technique","status":"publish","type":"page","link":"https:\/\/kyo-ya.net\/fr\/technique\/","title":{"rendered":"Techniques"},"content":{"rendered":"<div class=\"the_content\"><div class=\"site-content\">\n<section class=\"sec-about technique\">\n<div class=\"inner\">\n<h1 class=\"ttl-technique\">Richesse du design et vari\u00e9t\u00e9 des techniques de teinture.<\/h1>\n<p>La m\u00e9thode de teinture chez Kyoya est tr\u00e8s vari\u00e9e, ce qui est rare \u00e0 trouver au Japon. <\/p>\n<p>Nous \u00e9coutons attentivement la demande de nos clients, ce qu&#8217;ils cherchent comme les techniques, le coloris, l&#8217;utilit\u00e9, le but ou le design.  Gr\u00e2ce \u00e0 nos large comp\u00e9tences, nous arrivons \u00e0 trouver la m\u00e9thode la plus adapt\u00e9e.<\/p>\n<p>Par la technique la plus adapt\u00e9e \u00e0 l&#8217;utilit\u00e9 et au go\u00fbt de client, nos artisans teignent chaque pi\u00e8ce soigneusement.<\/p>\n<\/p><\/div>\n<\/section>\n<section class=\"sec-technique dyeing\">\n<h2 class=\"ttl-technique\">01 \/ <br class=\"sm\">Technique de Teinture<\/h2>\n<div class=\"block-technique\">\n<div class=\"text\">\n<h3 class=\"ttl-sub\">Teinture Tenassen<\/h3>\n<p>C&#8217;est une technique qui permet d&#8217;imprimer la teinture directement sur un tissu avec une spatule en utilisant un moule.  <br \/>Cette technique est adapt\u00e9e \u00e0 la fabrication en masse mais il est possible de r\u00e9aliser des motifs complexes.<\/p>\n<\/p><\/div>\n<div class=\"image\"><img decoding=\"async\" class=\"md\" src=\"https:\/\/kyo-ya.net\/fr\/wp\/wp-content\/themes\/fcvanilla\/img\/technique\/img_technique01.jpg\" alt=\"\u201cTenassen\u201d Dyeing\"\/><img decoding=\"async\" class=\"sm\" src=\"https:\/\/kyo-ya.net\/fr\/wp\/wp-content\/themes\/fcvanilla\/img\/technique\/sm\/img_technique01.jpg\" alt=\"\u201cTenassen\u201d Dyeing\"\/><\/div>\n<\/p><\/div>\n<div class=\"block-technique reverse\">\n<div class=\"text\">\n<h3 class=\"ttl-sub\">Teinture Hikizome<\/h3>\n<p>Cette technique permet de teindre le tissu avec une brosse.   <br \/>C&#8217;est une m\u00e9thode qui exige une haute ma\u00eetrise technique et une sensibilit\u00e9 d&#8217;artisan.  <br \/>Elle est la seule qui permet de r\u00e9aliser un effet flou ou profond.<\/p>\n<\/p><\/div>\n<div class=\"image\"><img decoding=\"async\" class=\"md\" src=\"https:\/\/kyo-ya.net\/fr\/wp\/wp-content\/themes\/fcvanilla\/img\/technique\/img_technique02.jpg\" alt=\"\u201cHikizome\u201d Dyeing\"\/><img decoding=\"async\" class=\"sm\" src=\"https:\/\/kyo-ya.net\/fr\/wp\/wp-content\/themes\/fcvanilla\/img\/technique\/sm\/img_technique02.jpg\" alt=\"\u201cHikizome\u201d Dyeing\"\/><\/div>\n<\/p><\/div>\n<div class=\"block-technique third\">\n<div class=\"text\">\n<h3 class=\"ttl-sub\">Teinture Indigo &#8216;Aizome&#8217; <\/h3>\n<p>C&#8217;est une technique de teinture utilisant le pigment bleu qui appel\u00e9 \u2018indigo\u2019.   <br \/>C&#8217;est un tissu bleu traditionnel avec lequel les Japonais sont tr\u00e8s familiaris\u00e9s depuis les temps anciens. <\/p>\n<p>Une de ses principales caract\u00e9ristiques c&#8217;est son aspect \u00e9volutif au fil des ann\u00e9es d&#8217;utilisation.<\/p>\n<\/p><\/div>\n<div class=\"image\"><img decoding=\"async\" class=\"md\" src=\"https:\/\/kyo-ya.net\/fr\/wp\/wp-content\/themes\/fcvanilla\/img\/technique\/img_technique03.jpg\" alt=\"\u201cAizome Indigo\u201d Dyeing\"\/><img decoding=\"async\" class=\"sm\" src=\"https:\/\/kyo-ya.net\/fr\/wp\/wp-content\/themes\/fcvanilla\/img\/technique\/sm\/img_technique03.jpg\" alt=\"\u201cAizome Indigo\u201d Dyeing\"\/><\/div>\n<\/p><\/div>\n<\/section>\n<section class=\"sec-technique sewing\">\n<h2 class=\"ttl-technique\">02 \/ <br class=\"sm\">Patronage et couture<\/h2>\n<div class=\"block-sewing\">\n<div class=\"sub-sewing\"><span>Rendre la beaut\u00e9 m\u00eame dans l&#8217;endroit invisible.<\/span><\/div>\n<div class=\"list-sewing display-flex-left\">\n<div class=\"item\"><img decoding=\"async\" class=\"md\" src=\"https:\/\/kyo-ya.net\/fr\/wp\/wp-content\/themes\/fcvanilla\/img\/technique\/sewing02.jpg\" alt=\"image Sewing\"\/><img decoding=\"async\" class=\"sm\" src=\"https:\/\/kyo-ya.net\/fr\/wp\/wp-content\/themes\/fcvanilla\/img\/technique\/sm\/sewing02.jpg\" alt=\"image Sewing\"\/><\/p>\n<div class=\"content\">\n<p>Chez Kyoya nous proc\u00e9dons au cutting piece par piece \u00e0 l\u2019aide des ciseaux m\u00eame s&#8217;il y a beaucoup de tissu \u00e0 couper.<br \/>C&#8217;est parce que le d\u00e9coupage manuel au millim\u00e8tre pr\u00e8s permet de donner une tr\u00e8s belle finition. <br \/>Nos couturiers de longue exp\u00e9rience peuvent coudre d\u2019une mani\u00e8re plus adapt\u00e9e soit manuellement soit \u00e0 la machine.<\/p>\n<\/p><\/div>\n<\/p><\/div>\n<div class=\"item\"><img decoding=\"async\" class=\"md\" src=\"https:\/\/kyo-ya.net\/fr\/wp\/wp-content\/themes\/fcvanilla\/img\/technique\/sewing01.jpg\" alt=\"image Sewing\"\/><img decoding=\"async\" class=\"sm\" src=\"https:\/\/kyo-ya.net\/fr\/wp\/wp-content\/themes\/fcvanilla\/img\/technique\/sm\/sewing01.jpg\" alt=\"image Sewing\"\/><\/p>\n<div class=\"content\">\n<p>Rendre la beaut\u00e9 m\u00eame dans l&#8217;endroit invisible et garder la tradition, c&#8217;est notre valeur de base. <\/p>\n<p>Nous \u00e9laborons davantage jour apr\u00e8s jour pour rendre nos produits plus beaux mais \u00e9galement plussolides.<\/p>\n<\/p><\/div>\n<\/p><\/div>\n<\/p><\/div>\n<\/p><\/div>\n<\/section>\n<\/div>\n<\/div>","protected":false},"excerpt":{"rendered":"<p>Richesse du design et vari\u00e9t\u00e9 des techniques de teinture. La m\u00e9thode de teinture chez Kyoya est tr\u00e8s vari\u00e9e, c [&hellip;]<\/p>\n","protected":false},"author":3,"featured_media":0,"parent":0,"menu_order":0,"comment_status":"closed","ping_status":"closed","template":"","meta":{"footnotes":""},"class_list":["post-23","page","type-page","status-publish","hentry"],"aioseo_notices":[],"_links":{"self":[{"href":"https:\/\/kyo-ya.net\/fr\/wp-json\/wp\/v2\/pages\/23","targetHints":{"allow":["GET"]}}],"collection":[{"href":"https:\/\/kyo-ya.net\/fr\/wp-json\/wp\/v2\/pages"}],"about":[{"href":"https:\/\/kyo-ya.net\/fr\/wp-json\/wp\/v2\/types\/page"}],"author":[{"embeddable":true,"href":"https:\/\/kyo-ya.net\/fr\/wp-json\/wp\/v2\/users\/3"}],"replies":[{"embeddable":true,"href":"https:\/\/kyo-ya.net\/fr\/wp-json\/wp\/v2\/comments?post=23"}],"version-history":[{"count":5,"href":"https:\/\/kyo-ya.net\/fr\/wp-json\/wp\/v2\/pages\/23\/revisions"}],"predecessor-version":[{"id":133,"href":"https:\/\/kyo-ya.net\/fr\/wp-json\/wp\/v2\/pages\/23\/revisions\/133"}],"wp:attachment":[{"href":"https:\/\/kyo-ya.net\/fr\/wp-json\/wp\/v2\/media?parent=23"}],"curies":[{"name":"wp","href":"https:\/\/api.w.org\/{rel}","templated":true}]}}