{"id":4,"date":"2018-11-18T13:53:55","date_gmt":"2018-11-18T04:53:55","guid":{"rendered":"https:\/\/kyo-ya.net\/fr\/wp\/about\/"},"modified":"2019-07-05T14:29:43","modified_gmt":"2019-07-05T05:29:43","slug":"about","status":"publish","type":"page","link":"https:\/\/kyo-ya.net\/fr\/about\/","title":{"rendered":"Qui sommes-nous?"},"content":{"rendered":"<div class=\"the_content\"><div class=\"site-content\">\n<section class=\"sec-about traditions black\"><img decoding=\"async\" class=\"sm\" src=\"https:\/\/kyo-ya.net\/fr\/wp\/wp-content\/themes\/fcvanilla\/img\/about\/sm\/about01.jpg\" alt=\"A Distinctive Dyehouse Characterized&lt;br&gt;by Continuous Evolution &amp;Maintenance of Japanese Traditions\"\/><\/p>\n<div class=\"inner\">\n<h1 class=\"ttl-about\">Kyoya continue \u00e0 \u00e9voluer tout en prot\u00e9geant notre tradition japonaise. <\/h1>\n<p>Kyoya somemonoten Inc. est une maison de teinture d&#8217;une centaine d&#8217;ann\u00e9es qui se trouve dans la cit\u00e9 de Ichinoseki.<\/p>\n<p>Nous sommes une des rares soci\u00e9t\u00e9s de teinture qui peut exercer de A \u00e0 Z ; la teinture, le design et jusqu&#8217;\u00e0 la confection.<\/p>\n<p>Afin de r\u00e9aliser le souhait de nos clients, nous utilisons le maximum de notre savoir-faire traditionnel mais aussi des techniques modernes.<\/p>\n<\/p><\/div>\n<\/section>\n<section class=\"sec-about history\"><img decoding=\"async\" class=\"sm\" src=\"https:\/\/kyo-ya.net\/fr\/wp\/wp-content\/themes\/fcvanilla\/img\/about\/sm\/about02.jpg\" alt=\"Our History\"\/><\/p>\n<div class=\"inner\">\n<h2 class=\"ttl-about\">Notre Origine<\/h2>\n<p>L&#8217;histoire de la maison Kyoya remonte \u00e0 1918.  Dans la cit\u00e9 du ch\u00e2teau de Ichinoseki, nous avons dessin\u00e9, teint la mati\u00e8re et cousu des Kimono de Geisha et les costumes traditionnels pour les f\u00eates.<\/p>\n<p>Tous les produits de Kyoya sont soutenus par la culture japonaise et sa technique traditionnelle. <\/p>\n<\/p><\/div>\n<\/section>\n<section class=\"sec-about dictionary\"><img decoding=\"async\" class=\"sm\" src=\"https:\/\/kyo-ya.net\/fr\/wp\/wp-content\/themes\/fcvanilla\/img\/about\/sm\/about03.jpg\" alt=\"The Words \u00ab No \u00bb and \u00ab Impossible \u00bb Don\u2019t Exist in Our Dictionary.\"\/><\/p>\n<div class=\"inner\">\n<h2 class=\"ttl-about has-shadown\">Jamais &#8216;Non&#8217; sans approfondissement. <br \/>Nous recherchons toujours d&#8217;autres possibilit\u00e9s.<\/h2>\n<p class=\"text-shadown\">Nous ne disons pas &#8216;C&#8217;est la seule technique disponible.&#8217; ou &#8216;C&#8217;est tout ce que nous pouvons faire.&#8217; <br \/> C&#8217;est l&#8217;esprit qui dure depuis notre fondation,et qui est devenu notre r\u00e8gle et notre philosophie aujourd&#8217;hui. <\/p>\n<p class=\"text-shadown\">Nous essayons de comprendre ce que nos clients aimeraient r\u00e9aliser et souhaitons y r\u00e9pondre parfaitement afin de leur donner enti\u00e8re satisfaction. <br \/> Dans ce but, nous nous effor\u00e7ons d\u2019obtenir le meilleur r\u00e9sultat afin de concr\u00e9tiser vos commandes.<\/p>\n<\/p><\/div>\n<\/section>\n<section class=\"sec-about textile-dyeing\"><img decoding=\"async\" class=\"sm\" src=\"https:\/\/kyo-ya.net\/fr\/wp\/wp-content\/themes\/fcvanilla\/img\/about\/sm\/about04.jpg\" alt=\"Textile Dyeing: Our Way of Passing on the&lt;br&gt;Japanese Culture &amp; Creating New Possibilities\"\/><\/p>\n<div class=\"inner\">\n<h2 class=\"ttl-about\">A travers notre m\u00e9tier de teinturier, nous transmettons la culture japonaise en l&#8217;associant \u00e0 de nouvelles perspectives de cr\u00e9ation.<\/h2>\n<p>Kyoya somemonoten, est une maison de teinture qui rel\u00e8ve un nouveau d\u00e9fi.<\/p>\n<p>Nous recherchons constamment une nouvelle m\u00e9thode d\u2019expression de la teinture dans le but de plaire \u00e0 nos clients.<\/p>\n<p>En plus de relever ce d\u00e9fi, nous croyons que notre mission est de transmettre \u00e0 la nouvelle g\u00e9n\u00e9ration la tradition que nous avons re\u00e7ue depuis notre fondation.<\/p>\n<p>Faire comme cela sans se poser le questions et consacrer son \u00e9nergie \u00e0 reproduire la m\u00eame chose au millim\u00e8tre pr\u00e8s n&#8217;est pas la transmission des traditions \u00e0 laquelle nous croyons.<\/p>\n<p>Notre v\u00e9ritable r\u00f4le de transmission pour la post\u00e9rit\u00e9 est de construire par nous-m\u00eames une nouvelle tradition tout en optimisant celle que nous avons re\u00e7ue.<\/p>\n<p>Kyoya continue \u00e0 relever le d\u00e9fi afin de constamment cr\u00e9er une nouvelle tradition et s&#8217;efforce  de devenir le teinturier num\u00e9ro un dans le monde.<\/p>\n<\/p><\/div>\n<\/section>\n<\/div>\n<\/div>","protected":false},"excerpt":{"rendered":"<p>Kyoya continue \u00e0 \u00e9voluer tout en prot\u00e9geant notre tradition japonaise. Kyoya somemonoten Inc. est une maison d [&hellip;]<\/p>\n","protected":false},"author":3,"featured_media":0,"parent":0,"menu_order":0,"comment_status":"closed","ping_status":"closed","template":"","meta":{"footnotes":""},"class_list":["post-4","page","type-page","status-publish","hentry"],"aioseo_notices":[],"_links":{"self":[{"href":"https:\/\/kyo-ya.net\/fr\/wp-json\/wp\/v2\/pages\/4","targetHints":{"allow":["GET"]}}],"collection":[{"href":"https:\/\/kyo-ya.net\/fr\/wp-json\/wp\/v2\/pages"}],"about":[{"href":"https:\/\/kyo-ya.net\/fr\/wp-json\/wp\/v2\/types\/page"}],"author":[{"embeddable":true,"href":"https:\/\/kyo-ya.net\/fr\/wp-json\/wp\/v2\/users\/3"}],"replies":[{"embeddable":true,"href":"https:\/\/kyo-ya.net\/fr\/wp-json\/wp\/v2\/comments?post=4"}],"version-history":[{"count":9,"href":"https:\/\/kyo-ya.net\/fr\/wp-json\/wp\/v2\/pages\/4\/revisions"}],"predecessor-version":[{"id":132,"href":"https:\/\/kyo-ya.net\/fr\/wp-json\/wp\/v2\/pages\/4\/revisions\/132"}],"wp:attachment":[{"href":"https:\/\/kyo-ya.net\/fr\/wp-json\/wp\/v2\/media?parent=4"}],"curies":[{"name":"wp","href":"https:\/\/api.w.org\/{rel}","templated":true}]}}