{"id":6,"date":"2018-11-18T13:53:55","date_gmt":"2018-11-18T04:53:55","guid":{"rendered":"https:\/\/kyo-ya.net\/fr\/wp\/collaboration\/"},"modified":"2019-07-08T11:13:52","modified_gmt":"2019-07-08T02:13:52","slug":"collaboration","status":"publish","type":"page","link":"https:\/\/kyo-ya.net\/fr\/collaboration\/","title":{"rendered":"Collaboration"},"content":{"rendered":"<div class=\"the_content\"><div class=\"site-content\">\n<section class=\"sec-ttl-cmn\">\n<h1 class=\"ttl-bn-cmn\">Collaboration<\/h1>\n<\/section>\n<section class=\"sec-case\">\n<div class=\"block-inner\">\n<h2 class=\"ttl-case\" data-text=\"Case01\">D\u00e9veloppement de produits en collaboration<\/h2>\n<p>Nous d\u00e9veloppons votre produit original ensemble en appliquant notre technique de teinture, de confection et de design.<\/p>\n<\/p><\/div>\n<div class=\"block-inner\">\n<h2 class=\"ttl-case\" data-text=\"Case02\">Fabrication \u00e0 fa\u00e7on<\/h2>\n<p>Kyoya peut fabriquer votre marque\/vos produits.<\/p>\n<\/p><\/div>\n<\/section>\n<section class=\"sec-past-project sec-product\">\n<h2 class=\"ttl-cmn\">Projets pass\u00e9s<\/h2>\n<div class=\"list-page-product display-flex-left\"><a class=\"item\" href=\"javascript:;\" data-fancybox=\"mdl01\" data-src=\"#modal-product01\"><img decoding=\"async\" src=\"https:\/\/kyo-ya.net\/fr\/wp\/wp-content\/themes\/fcvanilla\/img\/collaboration\/collaboration02.jpg\" alt=\"Pouch\"\/><\/p>\n<div class=\"infor\">\n<div class=\"inner\">\n<h2 class=\"ttl-inner\" data-cat=\"ACCESSORIES\"><span>Pouch<\/span><\/h2>\n<\/p><\/div>\n<\/p><\/div>\n<p><\/a><a class=\"item\" href=\"javascript:;\" data-fancybox=\"mdl02\" data-src=\"#modal-product02\"><img decoding=\"async\" src=\"https:\/\/kyo-ya.net\/fr\/wp\/wp-content\/themes\/fcvanilla\/img\/collaboration\/collaboration03.jpg\" alt=\"Jeans\"\/><\/p>\n<div class=\"infor\">\n<div class=\"inner\">\n<h2 class=\"ttl-inner\" data-cat=\"CLOTHES\"><span>Jeans<\/span><\/h2>\n<\/p><\/div>\n<\/p><\/div>\n<p><\/a><a class=\"item\" href=\"javascript:;\" data-fancybox=\"mdl03\" data-src=\"#modal-product03\"><img decoding=\"async\" src=\"https:\/\/kyo-ya.net\/fr\/wp\/wp-content\/themes\/fcvanilla\/img\/collaboration\/collaboration04.jpg\" alt=\"CO-ORD Sets\"\/><\/p>\n<div class=\"infor\">\n<div class=\"inner\">\n<h2 class=\"ttl-inner\" data-cat=\"CLOTHES\"><span>CO-ORD Sets<\/span><\/h2>\n<\/p><\/div>\n<\/p><\/div>\n<p><\/a><a class=\"item\" href=\"javascript:;\" data-fancybox=\"mdl04\" data-src=\"#modal-product04\"><img decoding=\"async\" src=\"https:\/\/kyo-ya.net\/fr\/wp\/wp-content\/themes\/fcvanilla\/img\/collaboration\/collaboration05.jpg\" alt=\"Dress\"\/><\/p>\n<div class=\"infor\">\n<div class=\"inner\">\n<h2 class=\"ttl-inner\" data-cat=\"CLOTHES\"><span>Dress<\/span><\/h2>\n<\/p><\/div>\n<\/p><\/div>\n<p><\/a><\/div>\n<div class=\"modal-pop\" id=\"modal-product01\">\n<div class=\"wrapper content-pop\">\n<div class=\"left\"><img decoding=\"async\" class=\"big-img\" src=\"https:\/\/kyo-ya.net\/fr\/wp\/wp-content\/themes\/fcvanilla\/img\/collaboration\/past_project011.jpg\" alt=\"images\"\/><\/p>\n<div class=\"bottom\">\n<div class=\"item\"><img decoding=\"async\" src=\"https:\/\/kyo-ya.net\/fr\/wp\/wp-content\/themes\/fcvanilla\/img\/collaboration\/past_project012.jpg\" alt=\"images\"\/><\/div>\n<div class=\"item\"><img decoding=\"async\" src=\"https:\/\/kyo-ya.net\/fr\/wp\/wp-content\/themes\/fcvanilla\/img\/collaboration\/past_project013.jpg\" alt=\"images\"\/><\/div>\n<\/p><\/div>\n<\/p><\/div>\n<div class=\"right\">\n<div class=\"inner\">\n<div class=\"ttl-inner\" data-cat=\"ACCESSORIES\"><span>Pouch<\/span><\/div>\n<\/p><\/div>\n<\/p><\/div>\n<\/p><\/div>\n<\/p><\/div>\n<div class=\"modal-pop\" id=\"modal-product02\">\n<div class=\"wrapper content-pop\">\n<div class=\"left\"><img decoding=\"async\" class=\"big-img\" src=\"https:\/\/kyo-ya.net\/fr\/wp\/wp-content\/themes\/fcvanilla\/img\/collaboration\/past_project02.jpg\" alt=\"images\"\/><\/div>\n<div class=\"right\">\n<div class=\"inner\">\n<div class=\"ttl-inner\" data-cat=\"CLOTHES\"><span>Jeans<\/span><\/div>\n<\/p><\/div>\n<\/p><\/div>\n<\/p><\/div>\n<\/p><\/div>\n<div class=\"modal-pop\" id=\"modal-product03\">\n<div class=\"wrapper content-pop\">\n<div class=\"left\"><img decoding=\"async\" class=\"big-img\" src=\"https:\/\/kyo-ya.net\/fr\/wp\/wp-content\/themes\/fcvanilla\/img\/collaboration\/past_project03.jpg\" alt=\"images\"\/><\/div>\n<div class=\"right\">\n<div class=\"inner\">\n<div class=\"ttl-inner\" data-cat=\"CLOTHES\"><span>CO-ORD Sets<\/span><\/div>\n<\/p><\/div>\n<\/p><\/div>\n<\/p><\/div>\n<\/p><\/div>\n<div class=\"modal-pop\" id=\"modal-product04\">\n<div class=\"wrapper content-pop\">\n<div class=\"left\"><img decoding=\"async\" class=\"big-img\" src=\"https:\/\/kyo-ya.net\/fr\/wp\/wp-content\/themes\/fcvanilla\/img\/collaboration\/past_project04.jpg\" alt=\"images\"\/><\/div>\n<div class=\"right\">\n<div class=\"inner\">\n<div class=\"ttl-inner\" data-cat=\"CLOTHES\"><span>Dress<\/span><\/div>\n<\/p><\/div>\n<\/p><\/div>\n<\/p><\/div>\n<\/p><\/div>\n<\/section>\n<section class=\"sec-workflow\">\n<h2 class=\"ttl-cmn\">Flux de travail de collaboration<\/h2>\n<div class=\"list-workflow\">\n<div class=\"item\">\n<div class=\"num\"><img decoding=\"async\" src=\"https:\/\/kyo-ya.net\/fr\/wp\/wp-content\/themes\/fcvanilla\/img\/collaboration\/num01.png\" alt=\"01\"\/><\/div>\n<h3 class=\"ttl-workflow\">Contactez-nous<\/h3>\n<p>N&#8217;h\u00e9sitez pas \u00e0 nous contacter par t\u00e9l\u00e9phone ou enrenvoyant notre formulaire de demande.<\/p>\n<\/p><\/div>\n<div class=\"item\">\n<div class=\"num\"><img decoding=\"async\" src=\"https:\/\/kyo-ya.net\/fr\/wp\/wp-content\/themes\/fcvanilla\/img\/collaboration\/num02.png\" alt=\"02\"\/><\/div>\n<h3 class=\"ttl-workflow\">R\u00e9union de design<\/h3>\n<p>Transmettez-nous votre choix de couleur, de mati\u00e8re et les d\u00e9tails de sp\u00e9cification technique. <\/p>\n<\/p><\/div>\n<div class=\"item\">\n<div class=\"num\"><img decoding=\"async\" src=\"https:\/\/kyo-ya.net\/fr\/wp\/wp-content\/themes\/fcvanilla\/img\/collaboration\/num03.png\" alt=\"03\"\/><\/div>\n<h3 class=\"ttl-workflow\">Pr\u00e9-estimation de prix<\/h3>\n<p>Nous vous informons du prix et du d\u00e9lai approximatifs. <\/p>\n<\/p><\/div>\n<div class=\"item\">\n<div class=\"num\"><img decoding=\"async\" src=\"https:\/\/kyo-ya.net\/fr\/wp\/wp-content\/themes\/fcvanilla\/img\/collaboration\/num04.png\" alt=\"04\"\/><\/div>\n<h3 class=\"ttl-workflow\">Production des \u00e9chantillons et devis final<\/h3>\n<p>Une fois que tous les d\u00e9tails sont d\u00e9finis, nous finalisons le devis. Vous pouvez commander des \u00e9chantillons, si vous le souhaitez.  La fabrication d&#8217;\u00e9chantillons est sur demande. (Payant)<\/p>\n<\/p><\/div>\n<div class=\"item\">\n<div class=\"num\"><img decoding=\"async\" src=\"https:\/\/kyo-ya.net\/fr\/wp\/wp-content\/themes\/fcvanilla\/img\/collaboration\/num05.png\" alt=\"05\"\/><\/div>\n<h3 class=\"ttl-workflow\">Passer une commande<\/h3>\n<p>Apr\u00e8s la r\u00e9ception de votre commande d&#8217;achat, nous vous informons de la date de livraison.<\/p>\n<\/p><\/div>\n<div class=\"item last\">\n<div class=\"num\"><img decoding=\"async\" src=\"https:\/\/kyo-ya.net\/fr\/wp\/wp-content\/themes\/fcvanilla\/img\/collaboration\/num06.png\" alt=\"06\"\/><\/div>\n<h3 class=\"ttl-workflow\">Production<\/h3>\n<p>Nous lan\u00e7ons la fabrication en commen\u00e7ant par la teinture, la confection et jusqu&#8217;\u00e0 la finition en respectant votre choix, les instructions de design, de mati\u00e8re, de technique de teinture et de couture.  <\/p>\n<\/p><\/div>\n<\/p><\/div>\n<\/section>\n<\/div>\n<\/div>","protected":false},"excerpt":{"rendered":"<p>Collaboration D\u00e9veloppement de produits en collaboration Nous d\u00e9veloppons votre produit original ensemble en a [&hellip;]<\/p>\n","protected":false},"author":3,"featured_media":0,"parent":0,"menu_order":0,"comment_status":"closed","ping_status":"closed","template":"","meta":{"footnotes":""},"class_list":["post-6","page","type-page","status-publish","hentry"],"aioseo_notices":[],"_links":{"self":[{"href":"https:\/\/kyo-ya.net\/fr\/wp-json\/wp\/v2\/pages\/6","targetHints":{"allow":["GET"]}}],"collection":[{"href":"https:\/\/kyo-ya.net\/fr\/wp-json\/wp\/v2\/pages"}],"about":[{"href":"https:\/\/kyo-ya.net\/fr\/wp-json\/wp\/v2\/types\/page"}],"author":[{"embeddable":true,"href":"https:\/\/kyo-ya.net\/fr\/wp-json\/wp\/v2\/users\/3"}],"replies":[{"embeddable":true,"href":"https:\/\/kyo-ya.net\/fr\/wp-json\/wp\/v2\/comments?post=6"}],"version-history":[{"count":8,"href":"https:\/\/kyo-ya.net\/fr\/wp-json\/wp\/v2\/pages\/6\/revisions"}],"predecessor-version":[{"id":140,"href":"https:\/\/kyo-ya.net\/fr\/wp-json\/wp\/v2\/pages\/6\/revisions\/140"}],"wp:attachment":[{"href":"https:\/\/kyo-ya.net\/fr\/wp-json\/wp\/v2\/media?parent=6"}],"curies":[{"name":"wp","href":"https:\/\/api.w.org\/{rel}","templated":true}]}}