{"id":8,"date":"2018-11-18T13:53:55","date_gmt":"2018-11-18T04:53:55","guid":{"rendered":"https:\/\/kyo-ya.net\/fr\/wp\/company\/"},"modified":"2019-07-01T17:55:25","modified_gmt":"2019-07-01T08:55:25","slug":"company","status":"publish","type":"page","link":"https:\/\/kyo-ya.net\/fr\/company\/","title":{"rendered":"L\u2019entreprise"},"content":{"rendered":"<div class=\"the_content\"><div class=\"site-content\">\n<section class=\"sec-ttl-cmn company\">\n<h1 class=\"ttl-bn-cmn\">Profil de la soci\u00e9t\u00e9 <\/h1>\n<\/section>\n<div class=\"block-company\">\n<table class=\"tb-company\">\n<tr>\n<th>Le nom de la soci\u00e9t\u00e9<\/th>\n<td>KYOYA somemonoten Inc.(Maison de teinture, KYOYA)<\/td>\n<\/tr>\n<tr>\n<th>Adresse<\/th>\n<td>\u3010JP\u30117-28 Otemachi, Ichinoseki-City, Iwate Prefecture, Japan 021-0884<br \/>\n        \u3010FR\u301117 rue Rieussec 78220 VIROFLAY FRANCE<\/td>\n<\/tr>\n<tr>\n<th>Site internet<\/th>\n<td>\u3010JP\u3011<a class=\"trans\" href=\"https:\/\/kyo-ya.net\/\" target=\"_blank\" rel=\"noopener noreferrer\">https:\/\/kyo-ya.net\/<\/a><br \/>\u3010Global\u3011<a class=\"trans\" href=\"https:\/\/kyo-ya.net\/en\/\" target=\"_blank\" rel=\"noopener noreferrer\">https:\/\/kyo-ya.net\/en\/<\/a><br \/>\u3010FR\u3011<a class=\"trans\" href=\"https:\/\/kyo-ya.net\/fr\/\" target=\"_blank\" rel=\"noopener noreferrer\">https:\/\/kyo-ya.net\/fr\/<\/a><\/td>\n<\/tr>\n<tr>\n<th>T\u00e9l\u00e9phone<\/th>\n<td>\u3010JP\u3011<a class=\"no-link-pc trans\" href=\"tel:+81191235161\">+81-191-23-5161<\/a><br \/>\n\u3010FR\u3011<a class=\"no-link-pc trans\" href=\"tel:+33668448378\">+33(0)6-68-44-83-78<\/a><\/td>\n<\/tr>\n<tr>\n<th>Fax<\/th>\n<td>+81-191-23-3660<\/td>\n<\/tr>\n<tr>\n<th>email <\/th>\n<td>\u3010JP\u3011<a class=\"trans\" href=\"mailto:info@kyo-ya.net\">info@kyo-ya.net<\/a><br \/>\n\u3010FR\u3011<a class=\"trans\" href=\"mailto:contact@jplug-in.com\">contact@jplug-in.com<\/a><\/td>\n<\/tr>\n<tr>\n<th>Pr\u00e9sident-directeur g\u00e9n\u00e9ral<\/th>\n<td>Yusuke Hachiya<\/td>\n<\/tr>\n<tr>\n<th>Historique<\/th>\n<td>fond\u00e9e en 1918.  Incorpor\u00e9e en tant que KYOYA somemonoten Inc. le 4 janvier 2013.<\/td>\n<\/tr>\n<tr class=\"last\">\n<th>Capital<\/th>\n<td>JPY 5,000,000<\/td>\n<\/tr>\n<\/table><\/div>\n<\/div>\n<\/div>","protected":false},"excerpt":{"rendered":"<p>Profil de la soci\u00e9t\u00e9 Le nom de la soci\u00e9t\u00e9 KYOYA somemonoten Inc.(Maison de teinture, KYOYA) Adresse \u3010JP\u30117-28 O [&hellip;]<\/p>\n","protected":false},"author":3,"featured_media":0,"parent":0,"menu_order":0,"comment_status":"closed","ping_status":"closed","template":"","meta":{"footnotes":""},"class_list":["post-8","page","type-page","status-publish","hentry"],"aioseo_notices":[],"_links":{"self":[{"href":"https:\/\/kyo-ya.net\/fr\/wp-json\/wp\/v2\/pages\/8","targetHints":{"allow":["GET"]}}],"collection":[{"href":"https:\/\/kyo-ya.net\/fr\/wp-json\/wp\/v2\/pages"}],"about":[{"href":"https:\/\/kyo-ya.net\/fr\/wp-json\/wp\/v2\/types\/page"}],"author":[{"embeddable":true,"href":"https:\/\/kyo-ya.net\/fr\/wp-json\/wp\/v2\/users\/3"}],"replies":[{"embeddable":true,"href":"https:\/\/kyo-ya.net\/fr\/wp-json\/wp\/v2\/comments?post=8"}],"version-history":[{"count":7,"href":"https:\/\/kyo-ya.net\/fr\/wp-json\/wp\/v2\/pages\/8\/revisions"}],"predecessor-version":[{"id":128,"href":"https:\/\/kyo-ya.net\/fr\/wp-json\/wp\/v2\/pages\/8\/revisions\/128"}],"wp:attachment":[{"href":"https:\/\/kyo-ya.net\/fr\/wp-json\/wp\/v2\/media?parent=8"}],"curies":[{"name":"wp","href":"https:\/\/api.w.org\/{rel}","templated":true}]}}